{"id":2,"date":"2015-01-28T20:55:23","date_gmt":"2015-01-28T20:55:23","guid":{"rendered":"https:\/\/proactionservicesfinanciers.com\/?page_id=2"},"modified":"2025-08-19T14:42:27","modified_gmt":"2025-08-19T14:42:27","slug":"sample-page","status":"publish","type":"page","link":"https:\/\/proactionservicesfinanciers.com\/","title":{"rendered":"Accueil"},"content":{"rendered":"\n<figure class=\"wp-block-image size-large\"><a href=\"https:\/\/proactionservicesfinanciers.com\/wp-content\/uploads\/2023\/06\/debout-final-e1686680432121.jpg\"><img decoding=\"async\" loading=\"lazy\" width=\"1024\" height=\"618\" src=\"https:\/\/proactionservicesfinanciers.com\/wp-content\/uploads\/2023\/06\/debout-final-e1686680432121-1024x618.jpg\" alt=\"\" class=\"wp-image-561\" srcset=\"https:\/\/proactionservicesfinanciers.com\/wp-content\/uploads\/2023\/06\/debout-final-e1686680432121-1024x618.jpg 1024w, https:\/\/proactionservicesfinanciers.com\/wp-content\/uploads\/2023\/06\/debout-final-e1686680432121-300x181.jpg 300w, https:\/\/proactionservicesfinanciers.com\/wp-content\/uploads\/2023\/06\/debout-final-e1686680432121-768x464.jpg 768w, https:\/\/proactionservicesfinanciers.com\/wp-content\/uploads\/2023\/06\/debout-final-e1686680432121-1536x927.jpg 1536w, https:\/\/proactionservicesfinanciers.com\/wp-content\/uploads\/2023\/06\/debout-final-e1686680432121.jpg 1600w\" sizes=\"(max-width: 1024px) 100vw, 1024px\" \/><\/a><\/figure>\n\n\n<div class=\"wp-block-image\">\n<figure class=\"aligncenter\"><a href=\"https:\/\/proactionservicesfinanciers.com\/wp-content\/uploads\/2015\/01\/mission.jpg\"><img decoding=\"async\" loading=\"lazy\" width=\"543\" height=\"56\" src=\"https:\/\/proactionservicesfinanciers.com\/wp-content\/uploads\/2015\/01\/mission.jpg\" alt=\"\" class=\"wp-image-21\" srcset=\"https:\/\/proactionservicesfinanciers.com\/wp-content\/uploads\/2015\/01\/mission.jpg 543w, https:\/\/proactionservicesfinanciers.com\/wp-content\/uploads\/2015\/01\/mission-300x31.jpg 300w\" sizes=\"(max-width: 543px) 100vw, 543px\" \/><\/a><\/figure><\/div>\n\n\n<h3 class=\"wp-block-heading\">Notre mission : &#8221; Aider nos clients \u00e0 r\u00e9aliser leurs objectifs&#8221;<\/h3>\n\n\n\n<p>Un voyage qui se d\u00e9roule bien est un voyage bien planifi\u00e9. Nous savons bien que vos objectifs et vos r\u00eaves sont tout aussi uniques que vous. Que vos destinations soient de fonder une famille, de prendre une retraite confortable ou que vous soyez \u00e0 la t\u00eate d\u2019une entreprise, nous vous aiderons, vous ou votre entreprise, \u00e0 \u00e9laborer un programme de s\u00e9curit\u00e9 financi\u00e8re qui r\u00e9pondra \u00e0 vos besoins.<\/p>\n\n\n\n<p>Au moyen d\u2019un processus de planification int\u00e9gr\u00e9, nous travaillerons \u00e0 vos c\u00f4t\u00e9s pour cr\u00e9er un programme personnalis\u00e9 qui vous permettra de g\u00e9rer les risques tout en rendant vos objectifs accessibles.<\/p>\n\n\n\n<p>Apr\u00e8s avoir \u00e9valu\u00e9 vos besoins, votre tol\u00e9rance au risque en mati\u00e8re de placement et l\u2019\u00e9tape o\u00f9 vous vous trouvez dans votre vie, nous vous recommanderons les produits qui vous aideront \u00e0 atteindre vos objectifs.<\/p>\n\n\n\n<p>En nous appuyant sur une \u00e9quipe de sp\u00e9cialistes couvrant plusieurs domaines, dont l\u2019assurance-vie, la fiscalit\u00e9 et bien d\u2019autres, nous vous aiderons \u00e0 comprendre les diff\u00e9rentes options qui s\u2019offrent \u00e0 vous. De plus, nous pouvons vous mettre en relation avec l\u2019un des sp\u00e9cialistes en planification hypoth\u00e9caire de la Canada Vie qui dispose des connaissances et de l\u2019exp\u00e9rience n\u00e9cessaires pour vous aider \u00e0 s\u00e9lectionner le pr\u00eat hypoth\u00e9caire qui vous convient.<\/p>\n\n\n\n<p><strong>ProAction Services Financiers offre les produits suivants de la Canada Vie de diff\u00e9rentes institutions financi\u00e8res :<\/strong><\/p>\n\n\n\n<p>\u2022 Assurance invalidit\u00e9 individuelle<br>\u2022 Assurance individuelle contre les maladies graves<br>\u2022 Police de fonds distincts, REER<br>\u2022 Rentes, FEER et FRV<br>\u2022 Assurance collective<\/p>\n\n\n\n<p>\u2022 Fonds communs de placement, REEE, REER, FERR et CELI<\/p>\n\n\n\n<h6 class=\"wp-block-heading\">Les produits d\u2019assurance, y compris les polices de fonds distincts, sont offerts par l\u2019entremise de ProAction Services Financiers inc. et les fonds communs de placement sont offerts par les conseillers par l\u2019entremise des Services d\u2019investissement Quadrus lt\u00e9e.<\/h6>\n\n\n\n<figure class=\"wp-block-image size-full\"><a href=\"https:\/\/proactionservicesfinanciers.com\/wp-content\/uploads\/2015\/01\/logo_quadrus02.jpg\"><img decoding=\"async\" loading=\"lazy\" width=\"200\" height=\"105\" src=\"https:\/\/proactionservicesfinanciers.com\/wp-content\/uploads\/2015\/01\/logo_quadrus02.jpg\" alt=\"\" class=\"wp-image-41\"\/><\/a><\/figure>\n\n\n\n<figure class=\"wp-block-image size-large\"><a href=\"https:\/\/proactionservicesfinanciers.com\/wp-content\/uploads\/2023\/06\/equipe-assis-e1686680525776.jpg\"><img decoding=\"async\" src=\"https:\/\/proactionservicesfinanciers.com\/wp-content\/uploads\/2023\/06\/equipe-assis-1024x544.jpg\" alt=\"\" class=\"wp-image-563\"\/><\/a><\/figure>\n\n\n\n<!--more-->\n","protected":false},"excerpt":{"rendered":"<p>Notre mission : &#8221; Aider nos clients \u00e0 r\u00e9aliser leurs objectifs&#8221; Un voyage qui se d\u00e9roule bien est un voyage bien planifi\u00e9. Nous savons bien que vos objectifs et vos r\u00eaves sont tout aussi uniques que vous. Que vos destinations soient de fonder une famille, de prendre une retraite confortable ou que vous soyez \u00e0 [&hellip;]<\/p>\n","protected":false},"author":1,"featured_media":335,"parent":0,"menu_order":0,"comment_status":"closed","ping_status":"closed","template":"","meta":[],"_links":{"self":[{"href":"https:\/\/proactionservicesfinanciers.com\/index.php?rest_route=\/wp\/v2\/pages\/2"}],"collection":[{"href":"https:\/\/proactionservicesfinanciers.com\/index.php?rest_route=\/wp\/v2\/pages"}],"about":[{"href":"https:\/\/proactionservicesfinanciers.com\/index.php?rest_route=\/wp\/v2\/types\/page"}],"author":[{"embeddable":true,"href":"https:\/\/proactionservicesfinanciers.com\/index.php?rest_route=\/wp\/v2\/users\/1"}],"replies":[{"embeddable":true,"href":"https:\/\/proactionservicesfinanciers.com\/index.php?rest_route=%2Fwp%2Fv2%2Fcomments&post=2"}],"version-history":[{"count":114,"href":"https:\/\/proactionservicesfinanciers.com\/index.php?rest_route=\/wp\/v2\/pages\/2\/revisions"}],"predecessor-version":[{"id":587,"href":"https:\/\/proactionservicesfinanciers.com\/index.php?rest_route=\/wp\/v2\/pages\/2\/revisions\/587"}],"wp:featuredmedia":[{"embeddable":true,"href":"https:\/\/proactionservicesfinanciers.com\/index.php?rest_route=\/wp\/v2\/media\/335"}],"wp:attachment":[{"href":"https:\/\/proactionservicesfinanciers.com\/index.php?rest_route=%2Fwp%2Fv2%2Fmedia&parent=2"}],"curies":[{"name":"wp","href":"https:\/\/api.w.org\/{rel}","templated":true}]}}