{"id":40,"date":"2015-01-29T21:48:30","date_gmt":"2015-01-29T21:48:30","guid":{"rendered":"https:\/\/proactionservicesfinanciers.com\/?page_id=40"},"modified":"2023-10-27T14:05:57","modified_gmt":"2023-10-27T14:05:57","slug":"assurance-collective","status":"publish","type":"page","link":"https:\/\/proactionservicesfinanciers.com\/?page_id=40","title":{"rendered":"Assurance collective"},"content":{"rendered":"\n<h1 class=\"wp-block-heading\">Assurance collective<\/h1>\n\n\n\n<h3 class=\"wp-block-heading\">Protection pour entreprise de 3 a 3000 employ\u00e9s<\/h3>\n\n\n\n<figure class=\"wp-block-image size-large\"><a href=\"https:\/\/proactionservicesfinanciers.com\/wp-content\/uploads\/2023\/06\/equipe-assis-e1686680525776.jpg\"><img decoding=\"async\" loading=\"lazy\" width=\"1024\" height=\"544\" src=\"https:\/\/proactionservicesfinanciers.com\/wp-content\/uploads\/2023\/06\/equipe-assis-e1686680525776-1024x544.jpg\" alt=\"\" class=\"wp-image-563\" srcset=\"https:\/\/proactionservicesfinanciers.com\/wp-content\/uploads\/2023\/06\/equipe-assis-e1686680525776-1024x544.jpg 1024w, https:\/\/proactionservicesfinanciers.com\/wp-content\/uploads\/2023\/06\/equipe-assis-e1686680525776-300x159.jpg 300w, https:\/\/proactionservicesfinanciers.com\/wp-content\/uploads\/2023\/06\/equipe-assis-e1686680525776-768x408.jpg 768w, https:\/\/proactionservicesfinanciers.com\/wp-content\/uploads\/2023\/06\/equipe-assis-e1686680525776-1536x816.jpg 1536w, https:\/\/proactionservicesfinanciers.com\/wp-content\/uploads\/2023\/06\/equipe-assis-e1686680525776.jpg 1600w\" sizes=\"(max-width: 1024px) 100vw, 1024px\" \/><\/a><\/figure>\n\n\n\n<h4 class=\"wp-block-heading\">Produits d\u2019assurance collective<\/h4>\n\n\n\n<p>Chez ProAction, nous comprenons que votre entreprise est bien plus qu&#8217;un simple lieu de travail. C&#8217;est une communaut\u00e9, une \u00e9quipe, et un moteur de croissance. C&#8217;est pourquoi nous sommes fiers d&#8217;offrir des solutions d&#8217;assurance collective sur mesure con\u00e7ues pour prot\u00e9ger vos employ\u00e9s, renforcer leur bien-\u00eatre, et contribuer \u00e0 la prosp\u00e9rit\u00e9 de votre entreprise.<\/p>\n\n\n\n<p><strong>Les Avantages de l&#8217;Assurance Collective<\/strong><\/p>\n\n\n\n<p><em>1. Protection des Employ\u00e9s :<\/em> L&#8217;assurance collective est un investissement dans la s\u00e9curit\u00e9 financi\u00e8re et la sant\u00e9 de vos employ\u00e9s. Elle offre une tranquillit\u00e9 d&#8217;esprit en cas de maladie, d&#8217;accident, ou de d\u00e9c\u00e8s, tout en leur donnant acc\u00e8s \u00e0 des soins de sant\u00e9 de qualit\u00e9.<\/p>\n\n\n\n<p><em>2. Attractivit\u00e9 en tant qu&#8217;Employeur :<\/em> En proposant une couverture d&#8217;assurance collective comp\u00e9titive, vous attirez et retenez les talents les plus qualifi\u00e9s. Cela renforce la r\u00e9putation de votre entreprise en tant qu&#8217;employeur de choix.<\/p>\n\n\n\n<p><em>3. Productivit\u00e9 Accrue :<\/em> Des employ\u00e9s en meilleure sant\u00e9 et moins stress\u00e9s sont plus productifs. L&#8217;assurance collective favorise le bien-\u00eatre des travailleurs, r\u00e9duit les absences et contribue \u00e0 une \u00e9quipe plus engag\u00e9e.<\/p>\n\n\n\n<p><strong>Nos Solutions d&#8217;Assurance Collective<\/strong><\/p>\n\n\n\n<p>Chez ProAction, nous proposons une gamme compl\u00e8te de solutions d&#8217;assurance collective qui peuvent \u00eatre adapt\u00e9es \u00e0 la taille, au secteur, et aux besoins sp\u00e9cifiques de votre entreprise. Nos offres comprennent :<\/p>\n\n\n\n<p><em>1. Assurance Maladie :<\/em> Prot\u00e9gez vos employ\u00e9s et leur famille en leur offrant un acc\u00e8s \u00e0 des soins m\u00e9dicaux de qualit\u00e9.<\/p>\n\n\n\n<p><em>2. Assurance Invalidit\u00e9 :<\/em> En cas d&#8217;incapacit\u00e9 de travail due \u00e0 une maladie ou un accident, assurez un revenu de remplacement \u00e0 vos employ\u00e9s.<\/p>\n\n\n\n<p><em>3. Assurance Vie :<\/em> Offrez une tranquillit\u00e9 d&#8217;esprit financi\u00e8re \u00e0 vos employ\u00e9s et \u00e0 leurs proches en cas de d\u00e9c\u00e8s.<\/p>\n\n\n\n<p><em>4. Assurance Dentaire et Vision :<\/em> Prenez en charge les frais li\u00e9s aux soins dentaires et \u00e0 la vision, contribuant ainsi \u00e0 la sant\u00e9 globale de vos employ\u00e9s.<\/p>\n\n\n\n<p><\/p>\n\n\n\n<p><strong>Consultation Personnalis\u00e9e<\/strong><\/p>\n\n\n\n<p>Nous croyons en une approche sur mesure pour chaque entreprise. Lorsque vous choisissez ProAction, nous travaillons en \u00e9troite collaboration avec vous pour comprendre vos besoins sp\u00e9cifiques, puis nous \u00e9laborons un plan d&#8217;assurance collective qui r\u00e9pond pr\u00e9cis\u00e9ment \u00e0 ces besoins.<\/p>\n\n\n\n<p>Prot\u00e9gez vos employ\u00e9s, prot\u00e9gez votre entreprise. Contactez-nous d\u00e8s aujourd&#8217;hui pour une consultation gratuite. Nous sommes l\u00e0 pour vous aider \u00e0 b\u00e2tir un avenir s\u00fbr et prosp\u00e8re pour votre entreprise et vos employ\u00e9s.<\/p>\n\n\n\n<p><\/p>\n\n\n\n<p><\/p>\n","protected":false},"excerpt":{"rendered":"<p>Assurance collective Protection pour entreprise de 3 a 3000 employ\u00e9s Produits d\u2019assurance collective Chez ProAction, nous comprenons que votre entreprise est bien plus qu&#8217;un simple lieu de travail. C&#8217;est une communaut\u00e9, une \u00e9quipe, et un moteur de croissance. C&#8217;est pourquoi nous sommes fiers d&#8217;offrir des solutions d&#8217;assurance collective sur mesure con\u00e7ues pour prot\u00e9ger vos employ\u00e9s, [&hellip;]<\/p>\n","protected":false},"author":1,"featured_media":274,"parent":0,"menu_order":0,"comment_status":"closed","ping_status":"closed","template":"template-home.php","meta":[],"_links":{"self":[{"href":"https:\/\/proactionservicesfinanciers.com\/index.php?rest_route=\/wp\/v2\/pages\/40"}],"collection":[{"href":"https:\/\/proactionservicesfinanciers.com\/index.php?rest_route=\/wp\/v2\/pages"}],"about":[{"href":"https:\/\/proactionservicesfinanciers.com\/index.php?rest_route=\/wp\/v2\/types\/page"}],"author":[{"embeddable":true,"href":"https:\/\/proactionservicesfinanciers.com\/index.php?rest_route=\/wp\/v2\/users\/1"}],"replies":[{"embeddable":true,"href":"https:\/\/proactionservicesfinanciers.com\/index.php?rest_route=%2Fwp%2Fv2%2Fcomments&post=40"}],"version-history":[{"count":17,"href":"https:\/\/proactionservicesfinanciers.com\/index.php?rest_route=\/wp\/v2\/pages\/40\/revisions"}],"predecessor-version":[{"id":575,"href":"https:\/\/proactionservicesfinanciers.com\/index.php?rest_route=\/wp\/v2\/pages\/40\/revisions\/575"}],"wp:featuredmedia":[{"embeddable":true,"href":"https:\/\/proactionservicesfinanciers.com\/index.php?rest_route=\/wp\/v2\/media\/274"}],"wp:attachment":[{"href":"https:\/\/proactionservicesfinanciers.com\/index.php?rest_route=%2Fwp%2Fv2%2Fmedia&parent=40"}],"curies":[{"name":"wp","href":"https:\/\/api.w.org\/{rel}","templated":true}]}}