{"id":43,"date":"2015-01-29T21:51:47","date_gmt":"2015-01-29T21:51:47","guid":{"rendered":"https:\/\/proactionservicesfinanciers.com\/?page_id=43"},"modified":"2024-11-28T19:00:45","modified_gmt":"2024-11-28T19:00:45","slug":"nous-joindre","status":"publish","type":"page","link":"https:\/\/proactionservicesfinanciers.com\/?page_id=43","title":{"rendered":"Nous joindre"},"content":{"rendered":"\n<h3 class=\"wp-block-heading\">Communiquez avec nous !<\/h3>\n\n\n\n<p><\/p>\n\n\n\n<h3 class=\"wp-block-heading\">Bernard Morin, Planificateur financier<br>Conseiller en s\u00e9curit\u00e9 financi\u00e8re<br>Conseiller en r\u00e9gimes d\u2019assurance collective<\/h3>\n\n\n\n<p><\/p>\n\n\n\n<p><strong>ProAction Services Financiers inc.<\/strong><br>Repr\u00e9sentant en \u00e9pargne collective<br>Services d&#8217;investissement Quadrus lt\u00e9e<br>5600, boulevard des Galeries, bureau 220<br>Qu\u00e9bec (Qu\u00e9bec) G2K 2H6<br><strong>418 622-7077, poste 6235<br>Cell. : 418 564-7169<\/strong><br>T\u00e9l\u00e9copieur : 418 622-7292<br>Sans frais : 1 800 879-5861<br><a href=\"mailto:bernard.morin@proactionsf.com\">bernard.morin@proactionsf.com<\/a>*<\/p>\n\n\n\n<p>Communiquez avec nous d\u00e8s aujourd\u2019hui pour prendre rendez-vous afin que nous discutions de vos objectifs et besoins financiers.<\/p>\n\n\n\n<figure class=\"wp-block-image size-full\"><a href=\"https:\/\/proactionservicesfinanciers.com\/wp-content\/uploads\/2023\/06\/teams-debout-edited800x450.jpg\"><img decoding=\"async\" loading=\"lazy\" width=\"800\" height=\"450\" src=\"https:\/\/proactionservicesfinanciers.com\/wp-content\/uploads\/2023\/06\/teams-debout-edited800x450.jpg\" alt=\"\" class=\"wp-image-518\" srcset=\"https:\/\/proactionservicesfinanciers.com\/wp-content\/uploads\/2023\/06\/teams-debout-edited800x450.jpg 800w, https:\/\/proactionservicesfinanciers.com\/wp-content\/uploads\/2023\/06\/teams-debout-edited800x450-300x169.jpg 300w, https:\/\/proactionservicesfinanciers.com\/wp-content\/uploads\/2023\/06\/teams-debout-edited800x450-768x432.jpg 768w\" sizes=\"(max-width: 800px) 100vw, 800px\" \/><\/a><\/figure>\n","protected":false},"excerpt":{"rendered":"<p>Communiquez avec nous ! Bernard Morin, Planificateur financierConseiller en s\u00e9curit\u00e9 financi\u00e8reConseiller en r\u00e9gimes d\u2019assurance collective ProAction Services Financiers inc.Repr\u00e9sentant en \u00e9pargne collectiveServices d&#8217;investissement Quadrus lt\u00e9e5600, boulevard des Galeries, bureau 220Qu\u00e9bec (Qu\u00e9bec) G2K 2H6418 622-7077, poste 6235Cell. : 418 564-7169T\u00e9l\u00e9copieur : 418 622-7292Sans frais : 1 800 879-5861bernard.morin@proactionsf.com* Communiquez avec nous d\u00e8s aujourd\u2019hui pour prendre rendez-vous [&hellip;]<\/p>\n","protected":false},"author":1,"featured_media":0,"parent":0,"menu_order":0,"comment_status":"open","ping_status":"open","template":"template-home.php","meta":[],"_links":{"self":[{"href":"https:\/\/proactionservicesfinanciers.com\/index.php?rest_route=\/wp\/v2\/pages\/43"}],"collection":[{"href":"https:\/\/proactionservicesfinanciers.com\/index.php?rest_route=\/wp\/v2\/pages"}],"about":[{"href":"https:\/\/proactionservicesfinanciers.com\/index.php?rest_route=\/wp\/v2\/types\/page"}],"author":[{"embeddable":true,"href":"https:\/\/proactionservicesfinanciers.com\/index.php?rest_route=\/wp\/v2\/users\/1"}],"replies":[{"embeddable":true,"href":"https:\/\/proactionservicesfinanciers.com\/index.php?rest_route=%2Fwp%2Fv2%2Fcomments&post=43"}],"version-history":[{"count":28,"href":"https:\/\/proactionservicesfinanciers.com\/index.php?rest_route=\/wp\/v2\/pages\/43\/revisions"}],"predecessor-version":[{"id":603,"href":"https:\/\/proactionservicesfinanciers.com\/index.php?rest_route=\/wp\/v2\/pages\/43\/revisions\/603"}],"wp:attachment":[{"href":"https:\/\/proactionservicesfinanciers.com\/index.php?rest_route=%2Fwp%2Fv2%2Fmedia&parent=43"}],"curies":[{"name":"wp","href":"https:\/\/api.w.org\/{rel}","templated":true}]}}