{"id":49,"date":"2015-01-29T21:59:53","date_gmt":"2015-01-29T21:59:53","guid":{"rendered":"https:\/\/proactionservicesfinanciers.com\/?page_id=49"},"modified":"2023-10-27T14:49:13","modified_gmt":"2023-10-27T14:49:13","slug":"planification-fiscale","status":"publish","type":"page","link":"https:\/\/proactionservicesfinanciers.com\/?page_id=49","title":{"rendered":"Planification fiscale"},"content":{"rendered":"\n<h2 class=\"wp-block-heading\">Planification fiscale et successorale<\/h2>\n\n\n\n<figure class=\"wp-block-image size-large\"><a href=\"https:\/\/proactionservicesfinanciers.com\/wp-content\/uploads\/2023\/06\/bernard-entretien-client2-e1686680691176.jpg\"><img decoding=\"async\" src=\"https:\/\/proactionservicesfinanciers.com\/wp-content\/uploads\/2023\/06\/bernard-entretien-client2-1024x683.jpg\" alt=\"\" class=\"wp-image-565\"\/><\/a><\/figure>\n\n\n\n<h3 class=\"wp-block-heading\">Avez vous besoin d\u2019un plan successoral ?<\/h3>\n\n\n\n<p>Bien des gens pensent qu\u2019un plan successoral convient seulement aux gens bien nantis. En fait, tout parent, grand-parent, conjoint, propri\u00e9taire d&#8217;entreprise ou professionnel devrait avoir un plan de successoral.<\/p>\n\n\n\n<h3 class=\"wp-block-heading\">Un plan successoral :<\/h3>\n\n\n\n<p>\u2022 Peut contribuer \u00e0 r\u00e9duire les imp\u00f4ts, ce qui permettra \u00e0 vos h\u00e9ritiers de profiter davantage de votre patrimoine<br>\u2022 Indique aux autres comment g\u00e9rer vos affaires et vos finances apr\u00e8s votre d\u00e9c\u00e8s et pr\u00e9cise la fa\u00e7on de distribuer votre actif \u00e0 votre d\u00e9c\u00e8s<br>\u2022 Indique aux autres comment g\u00e9rer vos affaires et vos finances apr\u00e8s votre d\u00e9c\u00e8s et pr\u00e9cise la fa\u00e7on de distribuer votre actif \u00e0 votre d\u00e9c\u00e8s<\/p>\n\n\n\n<p><strong>Pourquoi Choisir ProAction Services Financiers ?<\/strong><\/p>\n\n\n\n<ul>\n<li><strong>Expertise \u00c9prouv\u00e9e :<\/strong> Notre \u00e9quipe d&#8217;experts en planification fiscale et successorale poss\u00e8de une connaissance approfondie des lois fiscales et de solides ant\u00e9c\u00e9dents des techniques de planification successorale.<\/li>\n\n\n\n<li><strong>Personnalisation :<\/strong> Nous croyons en une approche sur mesure. Chaque plan que nous concevons est adapt\u00e9 \u00e0 vos besoins, vos objectifs et votre situation financi\u00e8re unique pour mettre au point des solutions financi\u00e8res novatrices et personnalis\u00e9es.<\/li>\n\n\n\n<li><strong>Soutien Continu :<\/strong> Notre engagement envers vous ne s&#8217;arr\u00eate pas \u00e0 la mise en place du plan. Nous sommes l\u00e0 pour vous aider tout au long de votre parcours financier, apportant des ajustements en fonction des changements dans votre vie ou dans les lois fiscales.<\/li>\n<\/ul>\n\n\n\n<p><\/p>\n","protected":false},"excerpt":{"rendered":"<p>Planification fiscale et successorale Avez vous besoin d\u2019un plan successoral ? Bien des gens pensent qu\u2019un plan successoral convient seulement aux gens bien nantis. En fait, tout parent, grand-parent, conjoint, propri\u00e9taire d&#8217;entreprise ou professionnel devrait avoir un plan de successoral. Un plan successoral : \u2022 Peut contribuer \u00e0 r\u00e9duire les imp\u00f4ts, ce qui permettra \u00e0 [&hellip;]<\/p>\n","protected":false},"author":1,"featured_media":0,"parent":0,"menu_order":0,"comment_status":"closed","ping_status":"closed","template":"template-home.php","meta":[],"_links":{"self":[{"href":"https:\/\/proactionservicesfinanciers.com\/index.php?rest_route=\/wp\/v2\/pages\/49"}],"collection":[{"href":"https:\/\/proactionservicesfinanciers.com\/index.php?rest_route=\/wp\/v2\/pages"}],"about":[{"href":"https:\/\/proactionservicesfinanciers.com\/index.php?rest_route=\/wp\/v2\/types\/page"}],"author":[{"embeddable":true,"href":"https:\/\/proactionservicesfinanciers.com\/index.php?rest_route=\/wp\/v2\/users\/1"}],"replies":[{"embeddable":true,"href":"https:\/\/proactionservicesfinanciers.com\/index.php?rest_route=%2Fwp%2Fv2%2Fcomments&post=49"}],"version-history":[{"count":14,"href":"https:\/\/proactionservicesfinanciers.com\/index.php?rest_route=\/wp\/v2\/pages\/49\/revisions"}],"predecessor-version":[{"id":579,"href":"https:\/\/proactionservicesfinanciers.com\/index.php?rest_route=\/wp\/v2\/pages\/49\/revisions\/579"}],"wp:attachment":[{"href":"https:\/\/proactionservicesfinanciers.com\/index.php?rest_route=%2Fwp%2Fv2%2Fmedia&parent=49"}],"curies":[{"name":"wp","href":"https:\/\/api.w.org\/{rel}","templated":true}]}}